{"id":1517,"date":"2022-04-12T13:28:12","date_gmt":"2022-04-12T06:28:12","guid":{"rendered":"https:\/\/the-cube-villa-kalim.com\/besuchen-sie-die-villa\/"},"modified":"2023-09-29T16:08:52","modified_gmt":"2023-09-29T09:08:52","slug":"besuchen-sie-die-villa","status":"publish","type":"page","link":"https:\/\/the-cube-villa-kalim.com\/de\/besuchen-sie-die-villa\/","title":{"rendered":"Besuchen Sie die Villa"},"content":{"rendered":"<section class=\"l-section wpb_row us_custom_51437b72 has_text_color height_small\"><div class=\"l-section-h i-cf\"><div class=\"g-cols vc_row via_flex valign_top type_default stacking_default\"><div class=\"vc_col-sm-12 wpb_column vc_column_container\"><div class=\"vc_column-inner\"><div class=\"wpb_wrapper\"><h1 class=\"w-text\"><span class=\"w-text-h\"><span class=\"w-text-value\">Besuchen Sie die Villa<\/span><\/span><\/h1><\/div><\/div><\/div><\/div><\/div><\/section><section class=\"l-section wpb_row height_auto width_full\"><div class=\"l-section-h i-cf\"><div class=\"g-cols vc_row via_flex valign_middle type_boxes reversed stacking_default\"><div class=\"vc_col-sm-6 wpb_column vc_column_container\"><div class=\"vc_column-inner us_custom_2ad99fe7\"><div class=\"wpb_wrapper\">[vc_custom_heading text=&#8220;Informationen zur Villa&#8220; use_theme_fonts=&#8220;yes&#8220;]<div class=\"wpb_text_column\"><div class=\"wpb_wrapper\"><p>Die Cube Villa Kalim ist eine moderne und luxuri\u00f6se Pool Villa mit \u00fcber 800 m<sup>2<\/sup> Wohnfl\u00e4che auf zwei Ebenen. Sie verf\u00fcgt \u00fcber 4 individuelle Schlafzimmer, jeweils mit eigenem Bad, ein ger\u00e4umiges Wohnzimmer, eine hochwertige westliche K\u00fcche und einen Aufzug. Zwei gro\u00dfz\u00fcgige Esstische im Innen- und Aussenbereich, 50\u2033\/65\u2033 Smart TVs und freies Internet mit WIFI bieten Komfort und Unterhaltung. Den kr\u00f6nenden Abschluss bildet ein privater 90 m<sup>2<\/sup> Salzwasser-Infinity-Pool.<\/p>\n<\/div><\/div><div class=\"w-separator size_small\"><\/div><div class=\"wpb_text_column\"><div class=\"wpb_wrapper\"><ul class=\"myownul\">\n<li>4 Schlafzimmer mit eigenem Bad oder Dusche<\/li>\n<li>&#8222;Naturalisierter&#8220; Innenhof<\/li>\n<li>Komplett ausgestattete &#038; moderne K\u00fcche<\/li>\n<li>Balkon und grosse Terrasse mit 180 Meersicht<\/li>\n<li>Gro\u00dfz\u00fcgiges Wohnzimmer mit Bartheke<\/li>\n<li>Kostenloses Internet (WiFi) &amp; SONOS Soundsystem<\/li>\n<\/ul>\n<\/div><\/div><div class=\"w-separator size_small\"><\/div>[vc_raw_html]PGRpdiBjbGFzcz0idy1idG4td3JhcHBlciBhbGlnbl9ub25lIj4NCjxhIGhyZWY9ImphdmFzY3JpcHQ6dm9pZCgwKSIgY2xhc3M9InctYnRuIHVzLWJ0bi1zdHlsZV8yMSBodXN0bGVfbW9kdWxlX3Nob3J0Y29kZV90cmlnZ2VyIGh1c3RsZV9tb2R1bGVfMiAiIGRhdGEtaWQ9IjIiIGRhdGEtdHlwZT0icG9wdXAiPjxzcGFuIGNsYXNzPSJ3LWJ0bi1sYWJlbCI+VklSVFVFTExFIFZJTExBIFRPVVIgKFZSIDM2MCk8L3NwYW4+PC9hPg0KPC9kaXY+[\/vc_raw_html]<\/div><\/div><\/div><div class=\"vc_col-sm-6 wpb_column vc_column_container\"><div class=\"vc_column-inner us_custom_b6a72ce1\"><div class=\"wpb_wrapper\"><div class=\"w-separator size_small\"><\/div><div class=\"w-html us_custom_eb849559\"><iframe data-src=\"https:\/\/drive.google.com\/file\/d\/1PJ_7akTpWNcB_X9IZ8u3IqK5_CuDig8i\/preview\" width=\"640\" height=\"360\" src=\"data:image\/svg+xml;base64,PHN2ZyB3aWR0aD0iMSIgaGVpZ2h0PSIxIiB4bWxucz0iaHR0cDovL3d3dy53My5vcmcvMjAwMC9zdmciPjwvc3ZnPg==\" class=\"lazyload\" data-load-mode=\"1\"><\/iframe><\/div><\/div><\/div><\/div><\/div><\/div><\/section><section class=\"l-section wpb_row us_custom_a5cf660b has_text_color height_medium\"><div class=\"l-section-h i-cf\"><div class=\"g-cols vc_row via_flex valign_middle type_default stacking_default\"><div class=\"vc_col-sm-12 wpb_column vc_column_container\"><div class=\"vc_column-inner\"><div class=\"wpb_wrapper\">[vc_custom_heading text=&#8220;Ausstattung der Villa&#8220; use_theme_fonts=&#8220;yes&#8220;]<div class=\"wpb_text_column\"><div class=\"wpb_wrapper\"><\/div><\/div><div class=\"w-separator size_small\"><\/div><div class=\"wpb_text_column\"><div class=\"wpb_wrapper\"><ul class=\"myownulfour\">\n<li>Privater 90m2 Salzwasser Infinity Pool<\/li>\n<li>Weber Barbecue (BBQ) Gasgrill<\/li>\n<li>Esstisch im Au\u00dfenbereich<\/li>\n<li>Sonnenliegen und Handt\u00fccher<\/li>\n<li>Beide Etagen mit Aufzug erreichbar<\/li>\n<li>\u00dcberdachter Privatparkplatz<\/li>\n<li>Klimaanlage in allen Zimmern<\/li>\n<li>Deckenventilatoren (Schlafzimmer &amp; Terrasse)<\/li>\n<li>Kostenloses Internet\/WiFi in allen Bereichen<\/li>\n<li>50\/65 Zoll Flachbildschirm Smart TVs<\/li>\n<li>SONOS WiFi Soundsystem<\/li>\n<li>Voll ausgestattete moderne K\u00fcche<\/li>\n<li>Gef\u00fcllter Weink\u00fchlschrank<\/li>\n<li>Dampfbackofen und Mikrowelle<\/li>\n<li>Geschirrsp\u00fclmaschine<\/li>\n<\/ul>\n<\/div><\/div><\/div><\/div><\/div><\/div><\/div><\/section><section class=\"l-section wpb_row height_auto width_full\"><div class=\"l-section-h i-cf\"><div class=\"g-cols vc_row via_flex valign_top type_default stacking_default\"><div class=\"vc_col-sm-12 wpb_column vc_column_container\"><div class=\"vc_column-inner\"><div class=\"wpb_wrapper\"><div class=\"w-image align_center\"><div class=\"w-image-h\"><img decoding=\"async\" width=\"1920\" height=\"600\" data-src=\"https:\/\/the-cube-villa-kalim.com\/wp-content\/uploads\/2022\/04\/Contact-Header.jpg\" class=\"attachment-full size-full lazyload\" alt=\"Neighbourhood information\" data-srcset=\"https:\/\/the-cube-villa-kalim.com\/wp-content\/uploads\/2022\/04\/Contact-Header.jpg 1920w, https:\/\/the-cube-villa-kalim.com\/wp-content\/uploads\/2022\/04\/Contact-Header-300x94.jpg 300w, https:\/\/the-cube-villa-kalim.com\/wp-content\/uploads\/2022\/04\/Contact-Header-1024x320.jpg 1024w\" data-sizes=\"auto, (max-width: 1920px) 100vw, 1920px\" src=\"data:image\/svg+xml;base64,PHN2ZyB3aWR0aD0iMSIgaGVpZ2h0PSIxIiB4bWxucz0iaHR0cDovL3d3dy53My5vcmcvMjAwMC9zdmciPjwvc3ZnPg==\" style=\"--smush-placeholder-width: 1920px; --smush-placeholder-aspect-ratio: 1920\/600;\" \/><\/div><\/div><\/div><\/div><\/div><\/div><\/div><\/section><section class=\"l-section wpb_row us_custom_51437b72 has_text_color height_medium\" id=\"my_neighbourhood\"><div class=\"l-section-h i-cf\"><div class=\"g-cols vc_row via_flex valign_middle type_default stacking_default\"><div class=\"vc_col-sm-12 wpb_column vc_column_container\"><div class=\"vc_column-inner\"><div class=\"wpb_wrapper\">[vc_custom_heading text=&#8220;Informationen \u00fcber die Nachbarschaft&#8220; use_theme_fonts=&#8220;yes&#8220;]<div class=\"wpb_text_column\"><div class=\"wpb_wrapper\"><p>Die Cube Villa Kalim thront auf einem H\u00fcgel in der N\u00e4he des ber\u00fchmten Patong Beach, bekannt f\u00fcr sein pulsierendes Nachtleben, diverse Einkaufszentren, unz\u00e4hlige Restaurants und ein breites Spektrum an Freizeit-, Wassersport- und Urlaubsaktivit\u00e4ten. Nur 10 Gehminuten von der Villa entfernt liegen entlang der K\u00fcste 24-Stunden-L\u00e4den wie 7Eleven, Geldautomaten und authentische lokale Essensst\u00e4nde.<\/p>\n<p>Umgeben von malerischer Natur, gew\u00e4hrt die Cube Villa Kalim einen atemberaubenden Panoramablick auf die Kalim Bucht (Kalimbeach), die Skyline von Patong und die Andamanensee, und stellt somit einen luxuri\u00f6sen R\u00fcckzugsort mit spektakul\u00e4rer Aussicht dar.<\/p>\n<\/div><\/div><div class=\"w-separator size_small\"><\/div><div class=\"wpb_text_column\"><div class=\"wpb_wrapper\"><ul class=\"myownulfour mywhiteul\">\n<li>Acqua Italian Restaurant (1.7 km)<\/li>\n<li>Baan Rim Pa Restaurant (2.5 km)<\/li>\n<li>L&#8217;Ar\u00f4me by the sea (1.4 km)<\/li>\n<li><a href=\"https:\/\/goo.gl\/maps\/xRgefYPTyLcfLWVX9\" target=\"_blank\" rel=\"noopener\">Kalim View Point<\/a> (1.2 km)<\/li>\n<li><a href=\"https:\/\/goo.gl\/maps\/HtnMsQDyWiXEaWPv5\" target=\"_blank\" rel=\"noopener\">Jungceylon Shopping Center<\/a> (3.1 km)<\/li>\n<li>Central Festival Shopping Mall (12 km)<\/li>\n<li><a href=\"https:\/\/g.page\/CentralPhuketFloresta\" target=\"_blank\" rel=\"noopener\">Central Floresta Shopping Mall<\/a> (12 km)<\/li>\n<li><a href=\"https:\/\/goo.gl\/maps\/UAUSjPfxCyjb6seHA\" target=\"_blank\" rel=\"noopener\">Boat Avenue Shopping\/Eating<\/a> (16 km)<\/li>\n<li><a href=\"https:\/\/goo.gl\/maps\/4hZbhRbNyGNtifux8\" target=\"_blank\" rel=\"noopener\">Porto de Phuket Shopping <\/a> (16 km)<\/li>\n<li><a href=\"https:\/\/g.page\/king-power-phuket?share\" target=\"_blank\" rel=\"noopener\">King Power Duty Free Chao Fah<\/a> (15 km)<\/li>\n<li>Red Mountain Golf Course (8.6 km)<\/li>\n<li>Phuket Country Club Golf (10.5 km)<\/li>\n<li>Laguna Golf Course (18 km)<\/li>\n<li><a href=\"https:\/\/g.page\/catchbeachclub?share\" target=\"_blank\" rel=\"noopener\">Catch Beach Club<\/a> (15 km)<\/li>\n<li>Kathu Waterfall (10 km)<\/li>\n<li>The Big Buddha Phuket (26 km)<\/li>\n<li>Karon Viewpoint (18 km)<\/li>\n<li><a href=\"https:\/\/goo.gl\/maps\/REMPYf3YRC8SYGhW8\" target=\"_blank\" rel=\"noopener\">Promthep Cape<\/a> (25 km)<\/li>\n<li>Phuket FantaSea (10.5 km)<\/li>\n<li>Patong Go-Kart Speedway (7 km)<\/li>\n<li><a href=\"https:\/\/goo.gl\/maps\/pLwEdvAMTS3JdMv49\" target=\"_blank\" rel=\"noopener\">Hanuman World<\/a> (7 km)<\/li>\n<li>Kalim Beach (500 m)<\/li>\n<li>Patong Beach (1.3 km)<\/li>\n<li>Kamala Beach (4 km)<\/li>\n<li>Yae Beach (3.2 km)<\/li>\n<li>Nakalay Beach (2.3 km)<\/li>\n<li>Patong Beach Street (2.9 km)<\/li>\n<li>Banzaan Fresh Market (4.5 km)<\/li>\n<li>Royal Phuket Marina (21 km)<\/li>\n<li>Boat Lagoon Marina (20 km)<\/li>\n<li>Chalong Pier | Public Marina (20 km)<\/li>\n<li>Phuket International Airport (31 km)<\/li>\n<li><a href=\"https:\/\/goo.gl\/maps\/5zv6i4uwGMBxPkw87\" target=\"_blank\" rel=\"noopener\">Bangkok Hospital Phuket<\/a> (9 km)<\/li>\n<li>Patong Hospital (2.5 km)<\/li>\n<\/ul>\n<\/div><\/div><\/div><\/div><\/div><\/div><\/div><\/section><section class=\"l-section wpb_row height_custom\"><div class=\"l-section-h i-cf\"><div class=\"g-cols vc_row via_flex valign_top type_default stacking_default\"><div class=\"vc_col-sm-12 wpb_column vc_column_container\"><div class=\"vc_column-inner\"><div class=\"wpb_wrapper\"><section class=\"l-section wpb_row height_medium width_full\"><div class=\"l-section-h i-cf\"><div class=\"g-cols vc_row via_flex valign_middle type_default stacking_default\"><div class=\"vc_col-sm-12 wpb_column vc_column_container\"><div class=\"vc_column-inner\"><div class=\"wpb_wrapper\">[vc_custom_heading text=&#8220;Was kann man in Phuket unternehmen?&#8220; use_theme_fonts=&#8220;yes&#8220;]<div class=\"wpb_text_column\"><div class=\"wpb_wrapper\"><p>Phuket, die gr\u00f6\u00dfte Insel Thailands, ist bekannt f\u00fcr ihre sch\u00f6nen Str\u00e4nde, ihr lebhaftes Nachtleben und ihre vielf\u00e4ltigen kulturellen und nat\u00fcrlichen Sehensw\u00fcrdigkeiten. Hier sind einige der Aktivit\u00e4ten, f\u00fcr die Phuket ber\u00fchmt ist:<\/p>\n<\/div><\/div><div class=\"w-separator size_small\"><\/div><\/div><\/div><\/div><div class=\"vc_col-sm-12 wpb_column vc_column_container\"><div class=\"vc_column-inner\"><div class=\"wpb_wrapper\"><div class=\"g-cols wpb_row via_flex valign_top type_default stacking_default\"><div class=\"vc_col-sm-6 wpb_column vc_column_container\"><div class=\"vc_column-inner\"><div class=\"wpb_wrapper\"><div class=\"wpb_text_column\"><div class=\"wpb_wrapper\"><ul>\n<li><strong>Aktivit\u00e4ten am Strand:<\/strong> Mit \u00fcber 30 Str\u00e4nden zur Auswahl gibt es eine F\u00fclle von Strandaktivit\u00e4ten. Sonnenbaden, Schwimmen und Beachvolleyball sind an den Str\u00e4nden von Patong, Karon und Kata sehr beliebt. Wassersportarten wie Jetski, Parasailing und Windsurfen werden ebenfalls an vielen Str\u00e4nden angeboten.<\/li>\n<li><strong>Tauchen und Schnorcheln:<\/strong> Die Gew\u00e4sser um Phuket sind reich an Meereslebewesen. Tauchen und Schnorcheln sind besonders um die Similan-Inseln und die Phi Phi-Inseln sehr beliebt. Es gibt viele Tauchgesch\u00e4fte und -schulen, die Kurse f\u00fcr Anf\u00e4nger und erfahrene Taucher anbieten.<\/li>\n<li><strong>Bootsausfl\u00fcge:<\/strong> Die Bucht von Phang Nga ist ber\u00fchmt f\u00fcr ihre Kalksteinkarstfelsen und das smaragdgr\u00fcne Wasser. Sie k\u00f6nnen einen Tagesausflug mit einem traditionellen Longtail-Boot oder einem Schnellboot unternehmen, um die Bucht zu erkunden, einschlie\u00dflich der James-Bond-Insel (benannt nach ihrem Auftritt in einem James-Bond-Film).<\/li>\n<li><strong>Nachtleben:<\/strong> Patong Beach ist das Zentrum des Nachtlebens mit seiner Bangla Road, die f\u00fcr ihre lebhaften Bars, Nachtclubs und Unterhaltungslokale bekannt ist. In dieser Gegend finden auch die ber\u00fchmten Cabaret-Shows statt.<\/li>\n<li><strong>Phuket Town Besuch:<\/strong>Mit ihrer sino-portugiesischen Architektur, den Boutiquen und den lokalen Restaurants bietet die Altstadt von Phuket ein anderes Flair als die Strandgebiete. Sie eignet sich hervorragend zum Bummeln, Einkaufen und Probieren der lokalen K\u00fcche.<\/li>\n<\/ul>\n<\/div><\/div><\/div><\/div><\/div><div class=\"vc_col-sm-6 wpb_column vc_column_container\"><div class=\"vc_column-inner\"><div class=\"wpb_wrapper\"><div class=\"wpb_text_column\"><div class=\"wpb_wrapper\"><ul>\n<li><strong>Inselh\u00fcpfen:<\/strong> Neben Phuket gibt es zahlreiche nahe gelegene Inseln wie Coral Island, Similan Islands und die bereits erw\u00e4hnten Phi Phi Islands. Tagesausfl\u00fcge oder \u00dcbernachtungen k\u00f6nnen arrangiert werden.<\/li>\n<li><strong>Besichtigung von Tempeln:<\/strong> Der Wat Chalong ist der wichtigste und meistbesuchte buddhistische Tempel in Phuket. Es gibt auch andere Tempel auf der Insel, die einen Besuch wert sind.<\/li>\n<li><strong>Thai-Kochkurse:<\/strong> In Phuket gibt es mehrere Kochschulen, die Kurse in thail\u00e4ndischer K\u00fcche anbieten. Auf diese Weise lernen Sie auf unterhaltsame Weise etwas \u00fcber die einheimische Essenskultur und nehmen eine Fertigkeit mit nach Hause.<\/li>\n<li><strong>Thai-Massage:<\/strong> Thail\u00e4ndische Massagen werden zwar \u00fcberall in Thailand angeboten, aber die entspannende Umgebung von Phuket verleiht dem Ganzen noch eine besondere Note. Ob in einem hochwertigen Spa oder in einem lokalen Massageladen, man sollte sie unbedingt ausprobieren.<\/li>\n<li><strong>Abenteuerliche Aktivit\u00e4ten:<\/strong> Von ATV-Fahrten und Ziplining bis hin zu Trekking und Elefantenschutzgebieten &#8211; auch f\u00fcr Abenteuerlustige gibt es viel zu erleben.<\/li>\n<\/ul>\n<\/div><\/div><\/div><\/div><\/div><\/div><div class=\"w-separator size_small\"><\/div><\/div><\/div><\/div><\/div><\/div><\/section><section class=\"l-section wpb_row height_custom width_full\"><div class=\"l-section-h i-cf\"><div class=\"g-cols vc_row via_flex valign_top type_default stacking_default\"><div class=\"vc_col-sm-12 wpb_column vc_column_container\"><div class=\"vc_column-inner\"><div class=\"wpb_wrapper\"><div class=\"wpb_text_column\"><div class=\"wpb_wrapper\"><div data-gyg-href=\"https:\/\/widget.getyourguide.com\/default\/activities.frame\" data-gyg-locale-code=\"de-CH\" data-gyg-widget=\"activities\" data-gyg-number-of-items=\"18\" data-gyg-partner-id=\"QLHV0D2\" data-gyg-tour-ids=\"300687,457239,144960,281847,439154,494698,97233,423794,483092,499715,414754,435264,482589,436259,344911,157908,390646\"><\/div>\n<p><!--\n\n\n\n\n<div data-gyg-href=\"https:\/\/widget.getyourguide.com\/default\/activities.frame\" data-gyg-location-id=\"32123\" data-gyg-locale-code=\"en-US\" data-gyg-widget=\"activities\" data-gyg-number-of-items=\"8\" data-gyg-partner-id=\"QLHV0D2\"><\/div>\n\n\n\n\n\n\n\n\n<div data-gyg-href=\"https:\/\/widget.getyourguide.com\/default\/city.frame\" data-gyg-location-id=\"32123\" data-gyg-locale-code=\"en-US\" data-gyg-widget=\"city\" data-gyg-partner-id=\"QLHV0D2\"><\/div>\n\n\n\n\n--><\/p>\n<\/div><\/div><\/div><\/div><\/div><div class=\"vc_col-sm-12 wpb_column vc_column_container\"><div class=\"vc_column-inner\"><div class=\"wpb_wrapper\"><\/div><\/div><\/div><\/div><\/div><\/section>\n<\/div><\/div><\/div><\/div><\/div><\/section>\n","protected":false},"excerpt":{"rendered":"Besuchen Sie die Villa[vc_custom_heading text=\"Informationen zur Villa\" use_theme_fonts=\"yes\"]Die Cube Villa Kalim ist eine moderne und luxuri\u00f6se Pool Villa mit \u00fcber 800 m2 Wohnfl\u00e4che auf zwei Ebenen. Sie verf\u00fcgt \u00fcber 4 individuelle Schlafzimmer, jeweils mit eigenem Bad, ein ger\u00e4umiges Wohnzimmer, eine hochwertige westliche K\u00fcche und einen Aufzug. Zwei gro\u00dfz\u00fcgige Esstische im Innen- und Aussenbereich, 50\u2033\/65\u2033 Smart...","protected":false},"author":2,"featured_media":0,"parent":0,"menu_order":0,"comment_status":"closed","ping_status":"closed","template":"","meta":{"footnotes":""},"class_list":["post-1517","page","type-page","status-publish","hentry"],"yoast_head":"<!-- This site is optimized with the Yoast SEO plugin v27.2 - https:\/\/yoast.com\/product\/yoast-seo-wordpress\/ -->\n<title>Besuchen Sie die Villa | The Cube Villa Kalim, Phuket<\/title>\n<meta name=\"description\" content=\"Diese Villa ist perfekt f\u00fcr einen gro\u00dfen Urlaub mit Familie oder Freunden. Sie verf\u00fcgt \u00fcber vier Schlafzimmer, alle mit eigenem Bad, ein gro\u00dfes Wohnzimmer und eine voll ausgestattete K\u00fcche. Es gibt auch zwei Esstische, an denen Sie gemeinsam essen k\u00f6nnen.\" \/>\n<meta name=\"robots\" content=\"index, follow, max-snippet:-1, max-image-preview:large, max-video-preview:-1\" \/>\n<link rel=\"canonical\" href=\"https:\/\/the-cube-villa-kalim.com\/de\/besuchen-sie-die-villa\/\" \/>\n<meta property=\"og:locale\" content=\"de_DE\" \/>\n<meta property=\"og:type\" content=\"article\" \/>\n<meta property=\"og:title\" content=\"Besuchen Sie die Villa | The Cube Villa Kalim, Phuket\" \/>\n<meta property=\"og:description\" content=\"Diese Villa ist perfekt f\u00fcr einen gro\u00dfen Urlaub mit Familie oder Freunden. Sie verf\u00fcgt \u00fcber vier Schlafzimmer, alle mit eigenem Bad, ein gro\u00dfes Wohnzimmer und eine voll ausgestattete K\u00fcche. Es gibt auch zwei Esstische, an denen Sie gemeinsam essen k\u00f6nnen.\" \/>\n<meta property=\"og:url\" content=\"https:\/\/the-cube-villa-kalim.com\/de\/besuchen-sie-die-villa\/\" \/>\n<meta property=\"og:site_name\" content=\"THE CUBE VILLA KALIM\" \/>\n<meta property=\"article:publisher\" content=\"https:\/\/www.facebook.com\/TheCubeVillaKalim\" \/>\n<meta property=\"article:modified_time\" content=\"2023-09-29T09:08:52+00:00\" \/>\n<meta property=\"og:image\" content=\"https:\/\/the-cube-villa-kalim.com\/wp-content\/uploads\/2022\/06\/Screenshot-Website-The-Cube-Villa-Kalim-Phuket.jpg\" \/>\n\t<meta property=\"og:image:width\" content=\"1680\" \/>\n\t<meta property=\"og:image:height\" content=\"920\" \/>\n\t<meta property=\"og:image:type\" content=\"image\/jpeg\" \/>\n<meta name=\"twitter:card\" content=\"summary_large_image\" \/>\n<meta name=\"twitter:label1\" content=\"Gesch\u00e4tzte Lesezeit\" \/>\n\t<meta name=\"twitter:data1\" content=\"2\u00a0Minuten\" \/>\n<script type=\"application\/ld+json\" class=\"yoast-schema-graph\">{\"@context\":\"https:\/\/schema.org\",\"@graph\":[{\"@type\":\"WebPage\",\"@id\":\"https:\/\/the-cube-villa-kalim.com\/de\/besuchen-sie-die-villa\/\",\"url\":\"https:\/\/the-cube-villa-kalim.com\/de\/besuchen-sie-die-villa\/\",\"name\":\"Besuchen Sie die Villa | The Cube Villa Kalim, Phuket\",\"isPartOf\":{\"@id\":\"https:\/\/the-cube-villa-kalim.com\/de\/#website\"},\"datePublished\":\"2022-04-12T06:28:12+00:00\",\"dateModified\":\"2023-09-29T09:08:52+00:00\",\"description\":\"Diese Villa ist perfekt f\u00fcr einen gro\u00dfen Urlaub mit Familie oder Freunden. Sie verf\u00fcgt \u00fcber vier Schlafzimmer, alle mit eigenem Bad, ein gro\u00dfes Wohnzimmer und eine voll ausgestattete K\u00fcche. Es gibt auch zwei Esstische, an denen Sie gemeinsam essen k\u00f6nnen.\",\"breadcrumb\":{\"@id\":\"https:\/\/the-cube-villa-kalim.com\/de\/besuchen-sie-die-villa\/#breadcrumb\"},\"inLanguage\":\"de\",\"potentialAction\":[{\"@type\":\"ReadAction\",\"target\":[\"https:\/\/the-cube-villa-kalim.com\/de\/besuchen-sie-die-villa\/\"]}]},{\"@type\":\"BreadcrumbList\",\"@id\":\"https:\/\/the-cube-villa-kalim.com\/de\/besuchen-sie-die-villa\/#breadcrumb\",\"itemListElement\":[{\"@type\":\"ListItem\",\"position\":1,\"name\":\"Home\",\"item\":\"https:\/\/the-cube-villa-kalim.com\/de\/startseite\/\"},{\"@type\":\"ListItem\",\"position\":2,\"name\":\"Besuchen Sie die Villa\"}]},{\"@type\":\"WebSite\",\"@id\":\"https:\/\/the-cube-villa-kalim.com\/de\/#website\",\"url\":\"https:\/\/the-cube-villa-kalim.com\/de\/\",\"name\":\"THE CUBE VILLA KALIM\",\"description\":\"LUXURY LIVING AT ITS FINEST\",\"publisher\":{\"@id\":\"https:\/\/the-cube-villa-kalim.com\/de\/#organization\"},\"potentialAction\":[{\"@type\":\"SearchAction\",\"target\":{\"@type\":\"EntryPoint\",\"urlTemplate\":\"https:\/\/the-cube-villa-kalim.com\/de\/?s={search_term_string}\"},\"query-input\":{\"@type\":\"PropertyValueSpecification\",\"valueRequired\":true,\"valueName\":\"search_term_string\"}}],\"inLanguage\":\"de\"},{\"@type\":\"Organization\",\"@id\":\"https:\/\/the-cube-villa-kalim.com\/de\/#organization\",\"name\":\"THE CUBE VILLA KALIM\",\"url\":\"https:\/\/the-cube-villa-kalim.com\/de\/\",\"logo\":{\"@type\":\"ImageObject\",\"inLanguage\":\"de\",\"@id\":\"https:\/\/the-cube-villa-kalim.com\/de\/#\/schema\/logo\/image\/\",\"url\":\"https:\/\/the-cube-villa-kalim.com\/wp-content\/uploads\/2022\/05\/Logo-Dark-Stacked.png\",\"contentUrl\":\"https:\/\/the-cube-villa-kalim.com\/wp-content\/uploads\/2022\/05\/Logo-Dark-Stacked.png\",\"width\":404,\"height\":328,\"caption\":\"THE CUBE VILLA KALIM\"},\"image\":{\"@id\":\"https:\/\/the-cube-villa-kalim.com\/de\/#\/schema\/logo\/image\/\"},\"sameAs\":[\"https:\/\/www.facebook.com\/TheCubeVillaKalim\",\"https:\/\/www.instagram.com\/thecubevillakalim\/\"]}]}<\/script>\n<!-- \/ Yoast SEO plugin. -->","yoast_head_json":{"title":"Besuchen Sie die Villa | The Cube Villa Kalim, Phuket","description":"Diese Villa ist perfekt f\u00fcr einen gro\u00dfen Urlaub mit Familie oder Freunden. Sie verf\u00fcgt \u00fcber vier Schlafzimmer, alle mit eigenem Bad, ein gro\u00dfes Wohnzimmer und eine voll ausgestattete K\u00fcche. Es gibt auch zwei Esstische, an denen Sie gemeinsam essen k\u00f6nnen.","robots":{"index":"index","follow":"follow","max-snippet":"max-snippet:-1","max-image-preview":"max-image-preview:large","max-video-preview":"max-video-preview:-1"},"canonical":"https:\/\/the-cube-villa-kalim.com\/de\/besuchen-sie-die-villa\/","og_locale":"de_DE","og_type":"article","og_title":"Besuchen Sie die Villa | The Cube Villa Kalim, Phuket","og_description":"Diese Villa ist perfekt f\u00fcr einen gro\u00dfen Urlaub mit Familie oder Freunden. Sie verf\u00fcgt \u00fcber vier Schlafzimmer, alle mit eigenem Bad, ein gro\u00dfes Wohnzimmer und eine voll ausgestattete K\u00fcche. Es gibt auch zwei Esstische, an denen Sie gemeinsam essen k\u00f6nnen.","og_url":"https:\/\/the-cube-villa-kalim.com\/de\/besuchen-sie-die-villa\/","og_site_name":"THE CUBE VILLA KALIM","article_publisher":"https:\/\/www.facebook.com\/TheCubeVillaKalim","article_modified_time":"2023-09-29T09:08:52+00:00","og_image":[{"width":1680,"height":920,"url":"https:\/\/the-cube-villa-kalim.com\/wp-content\/uploads\/2022\/06\/Screenshot-Website-The-Cube-Villa-Kalim-Phuket.jpg","type":"image\/jpeg"}],"twitter_card":"summary_large_image","twitter_misc":{"Gesch\u00e4tzte Lesezeit":"2\u00a0Minuten"},"schema":{"@context":"https:\/\/schema.org","@graph":[{"@type":"WebPage","@id":"https:\/\/the-cube-villa-kalim.com\/de\/besuchen-sie-die-villa\/","url":"https:\/\/the-cube-villa-kalim.com\/de\/besuchen-sie-die-villa\/","name":"Besuchen Sie die Villa | The Cube Villa Kalim, Phuket","isPartOf":{"@id":"https:\/\/the-cube-villa-kalim.com\/de\/#website"},"datePublished":"2022-04-12T06:28:12+00:00","dateModified":"2023-09-29T09:08:52+00:00","description":"Diese Villa ist perfekt f\u00fcr einen gro\u00dfen Urlaub mit Familie oder Freunden. Sie verf\u00fcgt \u00fcber vier Schlafzimmer, alle mit eigenem Bad, ein gro\u00dfes Wohnzimmer und eine voll ausgestattete K\u00fcche. Es gibt auch zwei Esstische, an denen Sie gemeinsam essen k\u00f6nnen.","breadcrumb":{"@id":"https:\/\/the-cube-villa-kalim.com\/de\/besuchen-sie-die-villa\/#breadcrumb"},"inLanguage":"de","potentialAction":[{"@type":"ReadAction","target":["https:\/\/the-cube-villa-kalim.com\/de\/besuchen-sie-die-villa\/"]}]},{"@type":"BreadcrumbList","@id":"https:\/\/the-cube-villa-kalim.com\/de\/besuchen-sie-die-villa\/#breadcrumb","itemListElement":[{"@type":"ListItem","position":1,"name":"Home","item":"https:\/\/the-cube-villa-kalim.com\/de\/startseite\/"},{"@type":"ListItem","position":2,"name":"Besuchen Sie die Villa"}]},{"@type":"WebSite","@id":"https:\/\/the-cube-villa-kalim.com\/de\/#website","url":"https:\/\/the-cube-villa-kalim.com\/de\/","name":"THE CUBE VILLA KALIM","description":"LUXURY LIVING AT ITS FINEST","publisher":{"@id":"https:\/\/the-cube-villa-kalim.com\/de\/#organization"},"potentialAction":[{"@type":"SearchAction","target":{"@type":"EntryPoint","urlTemplate":"https:\/\/the-cube-villa-kalim.com\/de\/?s={search_term_string}"},"query-input":{"@type":"PropertyValueSpecification","valueRequired":true,"valueName":"search_term_string"}}],"inLanguage":"de"},{"@type":"Organization","@id":"https:\/\/the-cube-villa-kalim.com\/de\/#organization","name":"THE CUBE VILLA KALIM","url":"https:\/\/the-cube-villa-kalim.com\/de\/","logo":{"@type":"ImageObject","inLanguage":"de","@id":"https:\/\/the-cube-villa-kalim.com\/de\/#\/schema\/logo\/image\/","url":"https:\/\/the-cube-villa-kalim.com\/wp-content\/uploads\/2022\/05\/Logo-Dark-Stacked.png","contentUrl":"https:\/\/the-cube-villa-kalim.com\/wp-content\/uploads\/2022\/05\/Logo-Dark-Stacked.png","width":404,"height":328,"caption":"THE CUBE VILLA KALIM"},"image":{"@id":"https:\/\/the-cube-villa-kalim.com\/de\/#\/schema\/logo\/image\/"},"sameAs":["https:\/\/www.facebook.com\/TheCubeVillaKalim","https:\/\/www.instagram.com\/thecubevillakalim\/"]}]}},"_links":{"self":[{"href":"https:\/\/the-cube-villa-kalim.com\/de\/wp-json\/wp\/v2\/pages\/1517","targetHints":{"allow":["GET"]}}],"collection":[{"href":"https:\/\/the-cube-villa-kalim.com\/de\/wp-json\/wp\/v2\/pages"}],"about":[{"href":"https:\/\/the-cube-villa-kalim.com\/de\/wp-json\/wp\/v2\/types\/page"}],"author":[{"embeddable":true,"href":"https:\/\/the-cube-villa-kalim.com\/de\/wp-json\/wp\/v2\/users\/2"}],"replies":[{"embeddable":true,"href":"https:\/\/the-cube-villa-kalim.com\/de\/wp-json\/wp\/v2\/comments?post=1517"}],"version-history":[{"count":5,"href":"https:\/\/the-cube-villa-kalim.com\/de\/wp-json\/wp\/v2\/pages\/1517\/revisions"}],"predecessor-version":[{"id":1877,"href":"https:\/\/the-cube-villa-kalim.com\/de\/wp-json\/wp\/v2\/pages\/1517\/revisions\/1877"}],"wp:attachment":[{"href":"https:\/\/the-cube-villa-kalim.com\/de\/wp-json\/wp\/v2\/media?parent=1517"}],"curies":[{"name":"wp","href":"https:\/\/api.w.org\/{rel}","templated":true}]}}