{"id":1523,"date":"2022-04-12T13:27:15","date_gmt":"2022-04-12T06:27:15","guid":{"rendered":"https:\/\/the-cube-villa-kalim.com\/buchung\/"},"modified":"2025-08-27T12:11:45","modified_gmt":"2025-08-27T05:11:45","slug":"buchung","status":"publish","type":"page","link":"https:\/\/the-cube-villa-kalim.com\/de\/buchung\/","title":{"rendered":"Buchung"},"content":{"rendered":"<section class=\"l-section wpb_row us_custom_51437b72 has_text_color height_small\"><div class=\"l-section-h i-cf\"><div class=\"g-cols vc_row via_flex valign_top type_default stacking_default\"><div class=\"vc_col-sm-12 wpb_column vc_column_container\"><div class=\"vc_column-inner\"><div class=\"wpb_wrapper\"><h1 class=\"w-text\"><span class=\"w-text-h\"><span class=\"w-text-value\">Buchung \/ Reservierung<\/span><\/span><\/h1><\/div><\/div><\/div><\/div><\/div><\/section><section class=\"l-section wpb_row height_small\"><div class=\"l-section-h i-cf\"><div class=\"g-cols vc_row via_flex valign_top type_default stacking_default\"><div class=\"vc_col-sm-12 wpb_column vc_column_container\"><div class=\"vc_column-inner\"><div class=\"wpb_wrapper\"><div class=\"wpb_text_column\"><div class=\"wpb_wrapper\"><p style=\"text-align: center;\">Pr\u00fcfen Sie unser Buchungssystem f\u00fcr Verf\u00fcgbarkeit und Preise f\u00fcr Ihren bevorstehenden Aufenthalt.<br \/>\n<strong>Last-Minute<\/strong>-Buchungen (&lt;10 Tage vor Ankunft) sowie <strong>wochenweise<\/strong> und <strong>monatliche<\/strong> Aufenthalte bieten <strong>attraktive Rabatte<\/strong>.<\/p>\n<\/p>\n<p style=\"text-align: center;\">F\u00fcr weitere Informationen oder Anfragen k\u00f6nnen Sie uns gerne kontaktieren:<br \/>\nE-Mail: <a class=\"mydarklink\" href=\"mailto:reservation@the-cube-villa-kalim.com\">reservation@the-cube-villa-kalim.com<\/a> oder<br \/>\nTelefon\/WhatsApp: \u200b+66(0)92 870 6065<\/p>\n<p><!--\n\n\n\n\n\n<p style=\"text-align: center;\">You can use the booking engine for availability and rates for your vacation stay.<br \/><strong>Last minute<\/strong> (&lt;21 days before arrival), <strong>weekly<\/strong> and <strong>monthly<\/strong> rates are <strong>heavenly discounted<\/strong>.\n\n\n\n\n\n<p style=\"text-align: center;\">For further information, you may contact us by<br \/>Email: <a class=\"mydarklink\" href=\"mailto:reservation@the-cube-villa-kalim.com\">reservation@the-cube-villa-kalim.com<\/a> or by<br \/>Phone\/WhatsApp: \u200b+66(0)92 870 6065\n\n--><\/p>\n<\/div><\/div><\/div><\/div><\/div><\/div><\/div><\/section><section class=\"l-section wpb_row height_small\"><div class=\"l-section-h i-cf\"><div class=\"g-cols vc_row via_flex valign_top type_default stacking_default\"><div class=\"vc_col-sm-12 wpb_column vc_column_container\"><div class=\"vc_column-inner\"><div class=\"wpb_wrapper\"><div class=\"wpb_text_column\"><div class=\"wpb_wrapper\"><div id=\"beds24target_83958_152820_0\"><iframe onload=\"window.parent.parent.scrollTo(0,0)\" data-src=\"https:\/\/www.beds24.com\/booking2.php?1&#038;ownerid=83958&#038;propid=152820&#038;hideheader=0&#038;hidefooter=1&#038;hidecalendar=0&#038;numnight=3&#038;numadult=2&#038;numchild=0&#038;layout=2&#038;lang=de&#038;referer=TCVK-Website&#038;\" width=\"1190\" height=\"880\" style=\"max-width:100%;border:none;overflow:auto;\" src=\"data:image\/svg+xml;base64,PHN2ZyB3aWR0aD0iMSIgaGVpZ2h0PSIxIiB4bWxucz0iaHR0cDovL3d3dy53My5vcmcvMjAwMC9zdmciPjwvc3ZnPg==\" class=\"lazyload\" data-load-mode=\"1\"><p><a href=\"https:\/\/www.beds24.com\/booking2.php?1&#038;ownerid=83958&#038;propid=152820&#038;hideheader=0&#038;hidefooter=1&#038;hidecalendar=0&#038;numnight=3&#038;numadult=2&#038;numchild=0&#038;layout=2&#038;lang=de&#038;referer=TCVK-Website&#038;\">Book Now<\/a><\/p><\/iframe><\/div>\n<\/div><\/div><\/div><\/div><\/div><\/div><\/div><\/section>\n","protected":false},"excerpt":{"rendered":"Buchung \/ ReservierungPr\u00fcfen Sie unser Buchungssystem f\u00fcr Verf\u00fcgbarkeit und Preise f\u00fcr Ihren bevorstehenden Aufenthalt. Last-Minute-Buchungen (&lt;10 Tage vor Ankunft) sowie wochenweise und monatliche Aufenthalte bieten attraktive Rabatte. F\u00fcr weitere Informationen oder Anfragen k\u00f6nnen Sie uns gerne kontaktieren: E-Mail: reservation@the-cube-villa-kalim.com oder Telefon\/WhatsApp: \u200b+66(0)92 870 6065 Book Now","protected":false},"author":2,"featured_media":0,"parent":0,"menu_order":0,"comment_status":"closed","ping_status":"closed","template":"","meta":{"footnotes":""},"class_list":["post-1523","page","type-page","status-publish","hentry"],"yoast_head":"<!-- This site is optimized with the Yoast SEO plugin v27.2 - https:\/\/yoast.com\/product\/yoast-seo-wordpress\/ -->\n<title>Buchung | THE CUBE VILLA KALIM<\/title>\n<meta name=\"robots\" content=\"index, follow, max-snippet:-1, max-image-preview:large, max-video-preview:-1\" \/>\n<link rel=\"canonical\" href=\"https:\/\/the-cube-villa-kalim.com\/de\/buchung\/\" \/>\n<meta property=\"og:locale\" content=\"de_DE\" \/>\n<meta property=\"og:type\" content=\"article\" \/>\n<meta property=\"og:title\" content=\"Buchung | THE CUBE VILLA KALIM\" \/>\n<meta property=\"og:url\" content=\"https:\/\/the-cube-villa-kalim.com\/de\/buchung\/\" \/>\n<meta property=\"og:site_name\" content=\"THE CUBE VILLA KALIM\" \/>\n<meta property=\"article:publisher\" content=\"https:\/\/www.facebook.com\/TheCubeVillaKalim\" \/>\n<meta property=\"article:modified_time\" content=\"2025-08-27T05:11:45+00:00\" \/>\n<meta property=\"og:image\" content=\"https:\/\/the-cube-villa-kalim.com\/wp-content\/uploads\/2022\/06\/Screenshot-Website-The-Cube-Villa-Kalim-Phuket.jpg\" \/>\n\t<meta property=\"og:image:width\" content=\"1680\" \/>\n\t<meta property=\"og:image:height\" content=\"920\" \/>\n\t<meta property=\"og:image:type\" content=\"image\/jpeg\" \/>\n<meta name=\"twitter:card\" content=\"summary_large_image\" \/>\n<meta name=\"twitter:label1\" content=\"Gesch\u00e4tzte Lesezeit\" \/>\n\t<meta name=\"twitter:data1\" content=\"1\u00a0Minute\" \/>\n<script type=\"application\/ld+json\" class=\"yoast-schema-graph\">{\"@context\":\"https:\/\/schema.org\",\"@graph\":[{\"@type\":\"WebPage\",\"@id\":\"https:\/\/the-cube-villa-kalim.com\/de\/buchung\/\",\"url\":\"https:\/\/the-cube-villa-kalim.com\/de\/buchung\/\",\"name\":\"Buchung | THE CUBE VILLA KALIM\",\"isPartOf\":{\"@id\":\"https:\/\/the-cube-villa-kalim.com\/de\/#website\"},\"datePublished\":\"2022-04-12T06:27:15+00:00\",\"dateModified\":\"2025-08-27T05:11:45+00:00\",\"breadcrumb\":{\"@id\":\"https:\/\/the-cube-villa-kalim.com\/de\/buchung\/#breadcrumb\"},\"inLanguage\":\"de\",\"potentialAction\":[{\"@type\":\"ReadAction\",\"target\":[\"https:\/\/the-cube-villa-kalim.com\/de\/buchung\/\"]}]},{\"@type\":\"BreadcrumbList\",\"@id\":\"https:\/\/the-cube-villa-kalim.com\/de\/buchung\/#breadcrumb\",\"itemListElement\":[{\"@type\":\"ListItem\",\"position\":1,\"name\":\"Home\",\"item\":\"https:\/\/the-cube-villa-kalim.com\/de\/startseite\/\"},{\"@type\":\"ListItem\",\"position\":2,\"name\":\"Buchung\"}]},{\"@type\":\"WebSite\",\"@id\":\"https:\/\/the-cube-villa-kalim.com\/de\/#website\",\"url\":\"https:\/\/the-cube-villa-kalim.com\/de\/\",\"name\":\"THE CUBE VILLA KALIM\",\"description\":\"LUXURY LIVING AT ITS FINEST\",\"publisher\":{\"@id\":\"https:\/\/the-cube-villa-kalim.com\/de\/#organization\"},\"potentialAction\":[{\"@type\":\"SearchAction\",\"target\":{\"@type\":\"EntryPoint\",\"urlTemplate\":\"https:\/\/the-cube-villa-kalim.com\/de\/?s={search_term_string}\"},\"query-input\":{\"@type\":\"PropertyValueSpecification\",\"valueRequired\":true,\"valueName\":\"search_term_string\"}}],\"inLanguage\":\"de\"},{\"@type\":\"Organization\",\"@id\":\"https:\/\/the-cube-villa-kalim.com\/de\/#organization\",\"name\":\"THE CUBE VILLA KALIM\",\"url\":\"https:\/\/the-cube-villa-kalim.com\/de\/\",\"logo\":{\"@type\":\"ImageObject\",\"inLanguage\":\"de\",\"@id\":\"https:\/\/the-cube-villa-kalim.com\/de\/#\/schema\/logo\/image\/\",\"url\":\"https:\/\/the-cube-villa-kalim.com\/wp-content\/uploads\/2022\/05\/Logo-Dark-Stacked.png\",\"contentUrl\":\"https:\/\/the-cube-villa-kalim.com\/wp-content\/uploads\/2022\/05\/Logo-Dark-Stacked.png\",\"width\":404,\"height\":328,\"caption\":\"THE CUBE VILLA KALIM\"},\"image\":{\"@id\":\"https:\/\/the-cube-villa-kalim.com\/de\/#\/schema\/logo\/image\/\"},\"sameAs\":[\"https:\/\/www.facebook.com\/TheCubeVillaKalim\",\"https:\/\/www.instagram.com\/thecubevillakalim\/\"]}]}<\/script>\n<!-- \/ Yoast SEO plugin. -->","yoast_head_json":{"title":"Buchung | THE CUBE VILLA KALIM","robots":{"index":"index","follow":"follow","max-snippet":"max-snippet:-1","max-image-preview":"max-image-preview:large","max-video-preview":"max-video-preview:-1"},"canonical":"https:\/\/the-cube-villa-kalim.com\/de\/buchung\/","og_locale":"de_DE","og_type":"article","og_title":"Buchung | THE CUBE VILLA KALIM","og_url":"https:\/\/the-cube-villa-kalim.com\/de\/buchung\/","og_site_name":"THE CUBE VILLA KALIM","article_publisher":"https:\/\/www.facebook.com\/TheCubeVillaKalim","article_modified_time":"2025-08-27T05:11:45+00:00","og_image":[{"width":1680,"height":920,"url":"https:\/\/the-cube-villa-kalim.com\/wp-content\/uploads\/2022\/06\/Screenshot-Website-The-Cube-Villa-Kalim-Phuket.jpg","type":"image\/jpeg"}],"twitter_card":"summary_large_image","twitter_misc":{"Gesch\u00e4tzte Lesezeit":"1\u00a0Minute"},"schema":{"@context":"https:\/\/schema.org","@graph":[{"@type":"WebPage","@id":"https:\/\/the-cube-villa-kalim.com\/de\/buchung\/","url":"https:\/\/the-cube-villa-kalim.com\/de\/buchung\/","name":"Buchung | THE CUBE VILLA KALIM","isPartOf":{"@id":"https:\/\/the-cube-villa-kalim.com\/de\/#website"},"datePublished":"2022-04-12T06:27:15+00:00","dateModified":"2025-08-27T05:11:45+00:00","breadcrumb":{"@id":"https:\/\/the-cube-villa-kalim.com\/de\/buchung\/#breadcrumb"},"inLanguage":"de","potentialAction":[{"@type":"ReadAction","target":["https:\/\/the-cube-villa-kalim.com\/de\/buchung\/"]}]},{"@type":"BreadcrumbList","@id":"https:\/\/the-cube-villa-kalim.com\/de\/buchung\/#breadcrumb","itemListElement":[{"@type":"ListItem","position":1,"name":"Home","item":"https:\/\/the-cube-villa-kalim.com\/de\/startseite\/"},{"@type":"ListItem","position":2,"name":"Buchung"}]},{"@type":"WebSite","@id":"https:\/\/the-cube-villa-kalim.com\/de\/#website","url":"https:\/\/the-cube-villa-kalim.com\/de\/","name":"THE CUBE VILLA KALIM","description":"LUXURY LIVING AT ITS FINEST","publisher":{"@id":"https:\/\/the-cube-villa-kalim.com\/de\/#organization"},"potentialAction":[{"@type":"SearchAction","target":{"@type":"EntryPoint","urlTemplate":"https:\/\/the-cube-villa-kalim.com\/de\/?s={search_term_string}"},"query-input":{"@type":"PropertyValueSpecification","valueRequired":true,"valueName":"search_term_string"}}],"inLanguage":"de"},{"@type":"Organization","@id":"https:\/\/the-cube-villa-kalim.com\/de\/#organization","name":"THE CUBE VILLA KALIM","url":"https:\/\/the-cube-villa-kalim.com\/de\/","logo":{"@type":"ImageObject","inLanguage":"de","@id":"https:\/\/the-cube-villa-kalim.com\/de\/#\/schema\/logo\/image\/","url":"https:\/\/the-cube-villa-kalim.com\/wp-content\/uploads\/2022\/05\/Logo-Dark-Stacked.png","contentUrl":"https:\/\/the-cube-villa-kalim.com\/wp-content\/uploads\/2022\/05\/Logo-Dark-Stacked.png","width":404,"height":328,"caption":"THE CUBE VILLA KALIM"},"image":{"@id":"https:\/\/the-cube-villa-kalim.com\/de\/#\/schema\/logo\/image\/"},"sameAs":["https:\/\/www.facebook.com\/TheCubeVillaKalim","https:\/\/www.instagram.com\/thecubevillakalim\/"]}]}},"_links":{"self":[{"href":"https:\/\/the-cube-villa-kalim.com\/de\/wp-json\/wp\/v2\/pages\/1523","targetHints":{"allow":["GET"]}}],"collection":[{"href":"https:\/\/the-cube-villa-kalim.com\/de\/wp-json\/wp\/v2\/pages"}],"about":[{"href":"https:\/\/the-cube-villa-kalim.com\/de\/wp-json\/wp\/v2\/types\/page"}],"author":[{"embeddable":true,"href":"https:\/\/the-cube-villa-kalim.com\/de\/wp-json\/wp\/v2\/users\/2"}],"replies":[{"embeddable":true,"href":"https:\/\/the-cube-villa-kalim.com\/de\/wp-json\/wp\/v2\/comments?post=1523"}],"version-history":[{"count":7,"href":"https:\/\/the-cube-villa-kalim.com\/de\/wp-json\/wp\/v2\/pages\/1523\/revisions"}],"predecessor-version":[{"id":2111,"href":"https:\/\/the-cube-villa-kalim.com\/de\/wp-json\/wp\/v2\/pages\/1523\/revisions\/2111"}],"wp:attachment":[{"href":"https:\/\/the-cube-villa-kalim.com\/de\/wp-json\/wp\/v2\/media?parent=1523"}],"curies":[{"name":"wp","href":"https:\/\/api.w.org\/{rel}","templated":true}]}}