{"id":1532,"date":"2022-04-22T09:10:00","date_gmt":"2022-04-22T02:10:00","guid":{"rendered":"https:\/\/the-cube-villa-kalim.com\/allgemeine-mietbedingungen-agb\/"},"modified":"2026-01-19T14:11:53","modified_gmt":"2026-01-19T07:11:53","slug":"allgemeine-mietbedingungen-agb","status":"publish","type":"page","link":"https:\/\/the-cube-villa-kalim.com\/de\/allgemeine-mietbedingungen-agb\/","title":{"rendered":"Allgemeine Mietbedingungen | AGB"},"content":{"rendered":"<section class=\"l-section wpb_row height_custom\"><div class=\"l-section-h i-cf\"><div class=\"g-cols vc_row via_flex valign_top type_default stacking_default\"><div class=\"vc_col-sm-12 wpb_column vc_column_container\"><div class=\"vc_column-inner\"><div class=\"wpb_wrapper\">[vc_custom_heading source=&#8220;post_title&#8220; use_theme_fonts=&#8220;yes&#8220;]<div class=\"wpb_text_column\"><div class=\"wpb_wrapper\"><p>Die folgenden \u201eMiet-\/Gesch\u00e4ftsbedingungen (AGB)\u201d gelten f\u00fcr alle G\u00e4ste von THE CUBE VILLA KALIM Phuket.<\/p>\n<p><strong>Buchung und Bezahlung<\/strong><br \/>Die buchende Person f\u00fcr THE CUBE VILLA muss mindestens 18 Jahre alt sein. Ihre Reservierung gilt als verbindlich, sobald wir diese best\u00e4tigt haben. Die Buchungsbest\u00e4tigung erfolgt unmittelbar nach Eingang der Buchungsanzahlung.<\/p>\n<p>Die H\u00f6he der Anzahlung betr\u00e4gt je nach Saison bzw. Buchungszeitpunkt in Relation zum Check-in-Datum zwischen 10 % und 50 % des Gesamtbetrags. Bei kurzfristigen Buchungen (weniger als 30 Tage vor Anreise) ist der vollst\u00e4ndige Betrag im Voraus zu bezahlen.<\/p>\n<p>Wir akzeptieren Echtzeit-Bank\u00fcberweisungen auf eines unserer Bankkonten in Thailand oder der Schweiz sowie Zahlungen \u00fcber die Revolut App.<\/p>\n<p>Der Restbetrag kann per Bank\u00fcberweisung vor der Anreise oder sp\u00e4testens beim Check-in beglichen werden. Zahlungen beim Check-in erfolgen in bar (THB \/ USD \/ EUR). Zus\u00e4tzlich sind auch hier Echtzeit-Bank\u00fcberweisungen auf unsere Bankkonten in Thailand, der Schweiz oder via Revolut App m\u00f6glich.<\/p>\n<p><strong>Der Mietpreis beinhaltet die folgenden Leistungen:<\/strong><br \/>Im Mietpreis sind die Reinigung des Hauses und der W\u00e4schewechsel pro Woche enthalten. Strom, Wasserverbrauch und WiFi (Internet) sind ebenfalls im Mietpreis enthalten.<\/p>\n<p>Bitte beachten Sie: Sie leisten einen wichtigen Beitrag zum Umweltschutz, wenn Sie die Klimaanlage nur dann benutzen, wenn es notwendig ist.<\/p>\n<p><strong>Kaution\/Schadensersatz<\/strong><br \/>Beim Check-in ist eine Kaution von USD 2&#8217;200 (oder der entsprechende Betrag in EUR\/THB in BAR) zu hinterlegen. Die G\u00e4ste sind daf\u00fcr verantwortlich, das Haus in einem sauberen und ordentlichen Zustand zu hinterlassen. Die G\u00e4ste verpflichten sich au\u00dferdem, f\u00fcr Sch\u00e4den, Br\u00fcche oder Verluste, die sie w\u00e4hrend ihres Aufenthalts verursachen, aufzukommen. Der Vertreter des Eigent\u00fcmers beh\u00e4lt sich das Recht vor, das gemietete Objekt zur\u00fcckzufordern, wenn der Gast\/Mieter, die Mitglieder der G\u00e4stegruppe oder die Besucher \u00fcberm\u00e4\u00dfige Sch\u00e4den oder Unordnung verursachen.<\/p>\n<p>Die Kaution wird am Abreisetag in voller H\u00f6he (oder teilweise, falls ein Schaden abgezogen wurde) zur\u00fcckerstattet.<\/p>\n<p><strong>Belegung<\/strong><br \/>Die maximale Belegung betr\u00e4gt bis zu 8 (Erwachsene) G\u00e4ste.<\/p>\n<p><strong>\u201cEinchecken und Auschecken\u201d<\/strong><\/p>\n<ul>\n<li>Check-In: von 13.00 (13 Uhr) bis 18.00 (18 Uhr)<br \/>\n(fr\u00fcherer\/sp\u00e4terer Check-in nur auf Anfrage, ggf. gegen Aufpreis und je nach Vor-\/Nachbelegungssituation)<\/li>\n<li>Check-Out: von 09.00 (9 Uhr) bis 12.00 (12 Uhr)<br \/>\n(fr\u00fcherer\/sp\u00e4terer Check-out nur auf Anfrage, ggf. gegen Aufpreis und je nach Vor-\/Nachbelegungssituation)<\/li>\n<\/ul>\n<p><strong>F\u00fcr einen fr\u00fcheren\/sp\u00e4teren Check-In\/Check-Out vermerken Sie dies bitte w\u00e4hrend des Buchungsvorgangs oder senden Sie eine E-Mail-Anfrage an\u00a0<span id=\"eeb-609758-376505\">hello@the-cube-villa.com<\/span>.<\/strong><\/p>\n<p><strong>Kinder<\/strong><br \/>Die Treppen und der Pool der THE CUBE VILLA sind sehr attraktiv, bergen aber auch eine Reihe von Gefahren, insbesondere f\u00fcr kleine Kinder. Sie tragen die volle Verantwortung f\u00fcr die Handlungen Ihrer Kinder. Kinder m\u00fcssen immer von Erwachsenen begleitet werden!<\/p>\n<p><strong>Haftung f\u00fcr Sch\u00e4den an Haus und Mobiliar usw.<\/strong><br \/>Die G\u00e4ste sind in vollem Umfang daf\u00fcr verantwortlich, dass das Haus, das Mobiliar und alle dazugeh\u00f6rigen Gegenst\u00e4nde nicht besch\u00e4digt werden. Wenn etwas besch\u00e4digt wird oder verloren geht, wird der Gast zur Verantwortung gezogen. muss f\u00fcr den entstandenen Schaden aufkommen. Wenn Sie im Haus rauchen, wird eine Geb\u00fchr von 200 USD f\u00fcr die zus\u00e4tzliche Reinigung erhoben, die obligatorisch ist. Wenn beim Auschecken ein Schaden festgestellt wird, sind die G\u00e4ste daf\u00fcr verantwortlich.<\/p>\n<p><strong>Stornierungsbedingungen und Geb\u00fchren<\/strong><br \/>Die Buchungsanzahlung wird generell nicht zur\u00fcckerstattet. Dar\u00fcber hinaus fallen bei einer Stornierung die folgenden Geb\u00fchren an:<\/p>\n<ul>\n<li>Bei einer Stornierung innerhalb von 30 Tagen vor dem Anreisedatum werden 50 % des Gesamtbetrags in Rechnung gestellt.<\/li>\n<li>Bei einer Stornierung innerhalb von 14 Tagen vor dem Anreisedatum oder bei Nichterscheinen werden 100 % des Gesamtbetrages in Rechnung gestellt.<\/li>\n<\/ul>\n<p><strong>Versicherung<\/strong><br \/>THE CUBE VILLA empfiehlt Ihnen dringend, zum Zeitpunkt der Buchung eine umfassende Reiseversicherung abzuschlie\u00dfen, die Sie und Ihre Begleitpersonen f\u00fcr die gesamte Dauer Ihres Aufenthalts gegen Krankheit, einschlie\u00dflich Evakuierung, Verletzung, Tod, Verlust von Gep\u00e4ck und pers\u00f6nlichen Gegenst\u00e4nden, Diebstahl, Stornierung und andere Reiseunf\u00e4lle absichert.<\/p>\n<p><strong>Verantwortung<\/strong><br \/>Bitte beachten Sie, dass die Eigent\u00fcmer von THE CUBE VILLA nicht f\u00fcr den Verlust oder die Besch\u00e4digung von pers\u00f6nlicher Ausr\u00fcstung oder Eigentum w\u00e4hrend Ihres Aufenthalts verantwortlich sind.<\/p>\n<p>Wir sind nicht verantwortlich f\u00fcr Versp\u00e4tungen, zus\u00e4tzliche Kosten oder Unannehmlichkeiten, die direkt oder indirekt durch Ereignisse verursacht werden, die au\u00dferhalb unserer Kontrolle liegen, wie z.B. Flugversp\u00e4tungen, Unruhen, Feuer, \u00dcberschwemmungen, ungew\u00f6hnlich schweres Wetter, h\u00f6here Gewalt, Handlungen der Regierung oder Ausfall von Maschinen oder Ger\u00e4ten der Regierung.<\/p>\n<p><strong>Stornierung durch den Eigent\u00fcmer<\/strong><br \/>In dem unwahrscheinlichen Fall, dass aussergew\u00f6hnliche Umst\u00e4nde, die sich unserer Kontrolle entziehen, eine Stornierung der Buchung erforderlich machen, erstatten wir die vom Gast geleistete Anzahlung zur\u00fcck (ohne Zinsen, Entsch\u00e4digung oder Folgesch\u00e4den jeglicher Art).<\/p>\n<p><strong>Rauchen verboten<\/strong><br \/>Das Rauchen ist in THE CUBE VILLA NICHT erlaubt. Das Rauchen ist nur in den Au\u00dfenbereichen wie Balkon, Terrasse und Innenhof erlaubt. Bei Anzeichen von Rauchen wird eine Reinigungsgeb\u00fchr von USD 200 erhoben. Rauchen ist ein Versto\u00df gegen den Mietvertrag und kann zur Stornierung des Mietvertrages ohne jegliche Entsch\u00e4digung f\u00fchren!<\/p>\n<p><strong>Zimmerm\u00e4dchen und Reinigungsservice<\/strong><br \/>Dies ist Ihr Urlaub und Sie m\u00f6chten ihn in Entspannung und Komfort verbringen. Die Reinigung der Villa ist nicht Teil dieser Geschichte! Die folgenden Dienstleistungen sind im Mietpreis der Villa enthalten:<\/p>\n<p><strong>Aufr\u00e4umen \/ Zimmerreinigung<\/strong><\/p>\n<ul>\n<li>Wohnbereich | K\u00fcche: T\u00e4glich<\/li>\n<li>Schlafzimmer und B\u00e4der: T\u00e4glich<\/li>\n<li>W\u00e4schewechsel (Bettw\u00e4sche\/Bettlaken\/Handt\u00fccher): Jeden dritten Tag<\/li>\n<\/ul>\n<p>Wenn Sie zus\u00e4tzliche Reinigung oder W\u00e4sche ben\u00f6tigen, kontaktieren Sie bitte unsere\u00a0<strong><a href=\"https:\/\/wa.me\/66823213211\" target=\"_blank\" rel=\"noopener\">Concierge Khun Narumon (Jazz) \u00fcber WhatsApp<\/a><\/strong>. Sie spricht Englisch und Thail\u00e4ndisch und ist jeden Tag zwischen 9.00 und 18.00 Uhr erreichbar.<\/p>\n<\/div><\/div><\/div><\/div><\/div><\/div><\/div><\/section>\n","protected":false},"excerpt":{"rendered":"[vc_custom_heading source=\"post_title\" use_theme_fonts=\"yes\"]Die folgenden \u201eMiet-\/Gesch\u00e4ftsbedingungen (AGB)\u201d gelten f\u00fcr alle G\u00e4ste von THE CUBE VILLA KALIM Phuket. Buchung und BezahlungDie buchende Person f\u00fcr THE CUBE VILLA muss mindestens 18 Jahre alt sein. Ihre Reservierung gilt als verbindlich, sobald wir diese best\u00e4tigt haben. Die Buchungsbest\u00e4tigung erfolgt unmittelbar nach Eingang der Buchungsanzahlung. Die H\u00f6he der Anzahlung betr\u00e4gt je...","protected":false},"author":2,"featured_media":0,"parent":0,"menu_order":0,"comment_status":"closed","ping_status":"closed","template":"","meta":{"footnotes":""},"class_list":["post-1532","page","type-page","status-publish","hentry"],"yoast_head":"<!-- This site is optimized with the Yoast SEO plugin v27.2 - https:\/\/yoast.com\/product\/yoast-seo-wordpress\/ -->\n<title>Allgemeine Mietbedingungen | AGB | THE CUBE VILLA KALIM<\/title>\n<meta name=\"robots\" content=\"index, follow, max-snippet:-1, max-image-preview:large, max-video-preview:-1\" \/>\n<link rel=\"canonical\" href=\"https:\/\/the-cube-villa-kalim.com\/de\/allgemeine-mietbedingungen-agb\/\" \/>\n<meta property=\"og:locale\" content=\"de_DE\" \/>\n<meta property=\"og:type\" content=\"article\" \/>\n<meta property=\"og:title\" content=\"Allgemeine Mietbedingungen | AGB | THE CUBE VILLA KALIM\" \/>\n<meta property=\"og:url\" content=\"https:\/\/the-cube-villa-kalim.com\/de\/allgemeine-mietbedingungen-agb\/\" \/>\n<meta property=\"og:site_name\" content=\"THE CUBE VILLA KALIM\" \/>\n<meta property=\"article:publisher\" content=\"https:\/\/www.facebook.com\/TheCubeVillaKalim\" \/>\n<meta property=\"article:modified_time\" content=\"2026-01-19T07:11:53+00:00\" \/>\n<meta property=\"og:image\" content=\"https:\/\/the-cube-villa-kalim.com\/wp-content\/uploads\/2022\/06\/Screenshot-Website-The-Cube-Villa-Kalim-Phuket.jpg\" \/>\n\t<meta property=\"og:image:width\" content=\"1680\" \/>\n\t<meta property=\"og:image:height\" content=\"920\" \/>\n\t<meta property=\"og:image:type\" content=\"image\/jpeg\" \/>\n<meta name=\"twitter:card\" content=\"summary_large_image\" \/>\n<meta name=\"twitter:label1\" content=\"Gesch\u00e4tzte Lesezeit\" \/>\n\t<meta name=\"twitter:data1\" content=\"4\u00a0Minuten\" \/>\n<script type=\"application\/ld+json\" class=\"yoast-schema-graph\">{\"@context\":\"https:\/\/schema.org\",\"@graph\":[{\"@type\":\"WebPage\",\"@id\":\"https:\/\/the-cube-villa-kalim.com\/de\/allgemeine-mietbedingungen-agb\/\",\"url\":\"https:\/\/the-cube-villa-kalim.com\/de\/allgemeine-mietbedingungen-agb\/\",\"name\":\"Allgemeine Mietbedingungen | AGB | THE CUBE VILLA KALIM\",\"isPartOf\":{\"@id\":\"https:\/\/the-cube-villa-kalim.com\/de\/#website\"},\"datePublished\":\"2022-04-22T02:10:00+00:00\",\"dateModified\":\"2026-01-19T07:11:53+00:00\",\"breadcrumb\":{\"@id\":\"https:\/\/the-cube-villa-kalim.com\/de\/allgemeine-mietbedingungen-agb\/#breadcrumb\"},\"inLanguage\":\"de\",\"potentialAction\":[{\"@type\":\"ReadAction\",\"target\":[\"https:\/\/the-cube-villa-kalim.com\/de\/allgemeine-mietbedingungen-agb\/\"]}]},{\"@type\":\"BreadcrumbList\",\"@id\":\"https:\/\/the-cube-villa-kalim.com\/de\/allgemeine-mietbedingungen-agb\/#breadcrumb\",\"itemListElement\":[{\"@type\":\"ListItem\",\"position\":1,\"name\":\"Home\",\"item\":\"https:\/\/the-cube-villa-kalim.com\/de\/startseite\/\"},{\"@type\":\"ListItem\",\"position\":2,\"name\":\"Allgemeine Mietbedingungen | AGB\"}]},{\"@type\":\"WebSite\",\"@id\":\"https:\/\/the-cube-villa-kalim.com\/de\/#website\",\"url\":\"https:\/\/the-cube-villa-kalim.com\/de\/\",\"name\":\"THE CUBE VILLA KALIM\",\"description\":\"LUXURY LIVING AT ITS FINEST\",\"publisher\":{\"@id\":\"https:\/\/the-cube-villa-kalim.com\/de\/#organization\"},\"potentialAction\":[{\"@type\":\"SearchAction\",\"target\":{\"@type\":\"EntryPoint\",\"urlTemplate\":\"https:\/\/the-cube-villa-kalim.com\/de\/?s={search_term_string}\"},\"query-input\":{\"@type\":\"PropertyValueSpecification\",\"valueRequired\":true,\"valueName\":\"search_term_string\"}}],\"inLanguage\":\"de\"},{\"@type\":\"Organization\",\"@id\":\"https:\/\/the-cube-villa-kalim.com\/de\/#organization\",\"name\":\"THE CUBE VILLA KALIM\",\"url\":\"https:\/\/the-cube-villa-kalim.com\/de\/\",\"logo\":{\"@type\":\"ImageObject\",\"inLanguage\":\"de\",\"@id\":\"https:\/\/the-cube-villa-kalim.com\/de\/#\/schema\/logo\/image\/\",\"url\":\"https:\/\/the-cube-villa-kalim.com\/wp-content\/uploads\/2022\/05\/Logo-Dark-Stacked.png\",\"contentUrl\":\"https:\/\/the-cube-villa-kalim.com\/wp-content\/uploads\/2022\/05\/Logo-Dark-Stacked.png\",\"width\":404,\"height\":328,\"caption\":\"THE CUBE VILLA KALIM\"},\"image\":{\"@id\":\"https:\/\/the-cube-villa-kalim.com\/de\/#\/schema\/logo\/image\/\"},\"sameAs\":[\"https:\/\/www.facebook.com\/TheCubeVillaKalim\",\"https:\/\/www.instagram.com\/thecubevillakalim\/\"]}]}<\/script>\n<!-- \/ Yoast SEO plugin. -->","yoast_head_json":{"title":"Allgemeine Mietbedingungen | AGB | THE CUBE VILLA KALIM","robots":{"index":"index","follow":"follow","max-snippet":"max-snippet:-1","max-image-preview":"max-image-preview:large","max-video-preview":"max-video-preview:-1"},"canonical":"https:\/\/the-cube-villa-kalim.com\/de\/allgemeine-mietbedingungen-agb\/","og_locale":"de_DE","og_type":"article","og_title":"Allgemeine Mietbedingungen | AGB | THE CUBE VILLA KALIM","og_url":"https:\/\/the-cube-villa-kalim.com\/de\/allgemeine-mietbedingungen-agb\/","og_site_name":"THE CUBE VILLA KALIM","article_publisher":"https:\/\/www.facebook.com\/TheCubeVillaKalim","article_modified_time":"2026-01-19T07:11:53+00:00","og_image":[{"width":1680,"height":920,"url":"https:\/\/the-cube-villa-kalim.com\/wp-content\/uploads\/2022\/06\/Screenshot-Website-The-Cube-Villa-Kalim-Phuket.jpg","type":"image\/jpeg"}],"twitter_card":"summary_large_image","twitter_misc":{"Gesch\u00e4tzte Lesezeit":"4\u00a0Minuten"},"schema":{"@context":"https:\/\/schema.org","@graph":[{"@type":"WebPage","@id":"https:\/\/the-cube-villa-kalim.com\/de\/allgemeine-mietbedingungen-agb\/","url":"https:\/\/the-cube-villa-kalim.com\/de\/allgemeine-mietbedingungen-agb\/","name":"Allgemeine Mietbedingungen | AGB | THE CUBE VILLA KALIM","isPartOf":{"@id":"https:\/\/the-cube-villa-kalim.com\/de\/#website"},"datePublished":"2022-04-22T02:10:00+00:00","dateModified":"2026-01-19T07:11:53+00:00","breadcrumb":{"@id":"https:\/\/the-cube-villa-kalim.com\/de\/allgemeine-mietbedingungen-agb\/#breadcrumb"},"inLanguage":"de","potentialAction":[{"@type":"ReadAction","target":["https:\/\/the-cube-villa-kalim.com\/de\/allgemeine-mietbedingungen-agb\/"]}]},{"@type":"BreadcrumbList","@id":"https:\/\/the-cube-villa-kalim.com\/de\/allgemeine-mietbedingungen-agb\/#breadcrumb","itemListElement":[{"@type":"ListItem","position":1,"name":"Home","item":"https:\/\/the-cube-villa-kalim.com\/de\/startseite\/"},{"@type":"ListItem","position":2,"name":"Allgemeine Mietbedingungen | AGB"}]},{"@type":"WebSite","@id":"https:\/\/the-cube-villa-kalim.com\/de\/#website","url":"https:\/\/the-cube-villa-kalim.com\/de\/","name":"THE CUBE VILLA KALIM","description":"LUXURY LIVING AT ITS FINEST","publisher":{"@id":"https:\/\/the-cube-villa-kalim.com\/de\/#organization"},"potentialAction":[{"@type":"SearchAction","target":{"@type":"EntryPoint","urlTemplate":"https:\/\/the-cube-villa-kalim.com\/de\/?s={search_term_string}"},"query-input":{"@type":"PropertyValueSpecification","valueRequired":true,"valueName":"search_term_string"}}],"inLanguage":"de"},{"@type":"Organization","@id":"https:\/\/the-cube-villa-kalim.com\/de\/#organization","name":"THE CUBE VILLA KALIM","url":"https:\/\/the-cube-villa-kalim.com\/de\/","logo":{"@type":"ImageObject","inLanguage":"de","@id":"https:\/\/the-cube-villa-kalim.com\/de\/#\/schema\/logo\/image\/","url":"https:\/\/the-cube-villa-kalim.com\/wp-content\/uploads\/2022\/05\/Logo-Dark-Stacked.png","contentUrl":"https:\/\/the-cube-villa-kalim.com\/wp-content\/uploads\/2022\/05\/Logo-Dark-Stacked.png","width":404,"height":328,"caption":"THE CUBE VILLA KALIM"},"image":{"@id":"https:\/\/the-cube-villa-kalim.com\/de\/#\/schema\/logo\/image\/"},"sameAs":["https:\/\/www.facebook.com\/TheCubeVillaKalim","https:\/\/www.instagram.com\/thecubevillakalim\/"]}]}},"_links":{"self":[{"href":"https:\/\/the-cube-villa-kalim.com\/de\/wp-json\/wp\/v2\/pages\/1532","targetHints":{"allow":["GET"]}}],"collection":[{"href":"https:\/\/the-cube-villa-kalim.com\/de\/wp-json\/wp\/v2\/pages"}],"about":[{"href":"https:\/\/the-cube-villa-kalim.com\/de\/wp-json\/wp\/v2\/types\/page"}],"author":[{"embeddable":true,"href":"https:\/\/the-cube-villa-kalim.com\/de\/wp-json\/wp\/v2\/users\/2"}],"replies":[{"embeddable":true,"href":"https:\/\/the-cube-villa-kalim.com\/de\/wp-json\/wp\/v2\/comments?post=1532"}],"version-history":[{"count":13,"href":"https:\/\/the-cube-villa-kalim.com\/de\/wp-json\/wp\/v2\/pages\/1532\/revisions"}],"predecessor-version":[{"id":2121,"href":"https:\/\/the-cube-villa-kalim.com\/de\/wp-json\/wp\/v2\/pages\/1532\/revisions\/2121"}],"wp:attachment":[{"href":"https:\/\/the-cube-villa-kalim.com\/de\/wp-json\/wp\/v2\/media?parent=1532"}],"curies":[{"name":"wp","href":"https:\/\/api.w.org\/{rel}","templated":true}]}}